{"id":5499,"date":"2022-12-26T17:40:45","date_gmt":"2022-12-26T16:40:45","guid":{"rendered":"https:\/\/www.viabrera.fr\/fr\/?page_id=5499"},"modified":"2022-12-30T16:22:44","modified_gmt":"2022-12-30T15:22:44","slug":"nous-rejoindre-nos-offres-d-emplois","status":"publish","type":"page","link":"https:\/\/www.viabrera.fr\/fr\/nous-rejoindre-nos-offres-d-emplois\/","title":{"rendered":"Nous rejoindre : nos offres d&#8217;emplois \u00e0 Montpellier"},"content":{"rendered":"\t\t<div data-elementor-type=\"wp-page\" data-elementor-id=\"5499\" class=\"elementor elementor-5499\" data-elementor-post-type=\"page\">\n\t\t\t\t\t\t<section class=\"elementor-section elementor-top-section elementor-element elementor-element-27294ab5 elementor-section-height-min-height elementor-section-boxed elementor-section-height-default elementor-section-items-middle\" data-id=\"27294ab5\" data-element_type=\"section\" data-e-type=\"section\">\n\t\t\t\t\t\t<div class=\"elementor-container elementor-column-gap-no\">\n\t\t\t\t\t<div class=\"elementor-column elementor-col-100 elementor-top-column elementor-element elementor-element-3b1b9c11\" data-id=\"3b1b9c11\" data-element_type=\"column\" data-e-type=\"column\">\n\t\t\t<div class=\"elementor-widget-wrap elementor-element-populated\">\n\t\t\t\t\t\t<div class=\"elementor-element elementor-element-4aea93b7 elementor-widget elementor-widget-heading\" data-id=\"4aea93b7\" data-element_type=\"widget\" data-e-type=\"widget\" data-widget_type=\"heading.default\">\n\t\t\t\t<div class=\"elementor-widget-container\">\n\t\t\t\t\t<p class=\"elementor-heading-title elementor-size-default\">\u2022 a propos \u2022<\/p>\t\t\t\t<\/div>\n\t\t\t\t<\/div>\n\t\t\t\t\t<\/div>\n\t\t<\/div>\n\t\t\t\t\t<\/div>\n\t\t<\/section>\n\t\t\t\t<section class=\"elementor-section elementor-top-section elementor-element elementor-element-1bf76e79 elementor-section-full_width elementor-section-height-min-height elementor-section-height-default elementor-section-items-middle\" data-id=\"1bf76e79\" data-element_type=\"section\" data-e-type=\"section\" data-settings=\"{&quot;background_background&quot;:&quot;classic&quot;}\">\n\t\t\t\t\t\t<div class=\"elementor-container elementor-column-gap-no\">\n\t\t\t\t\t<div class=\"elementor-column elementor-col-100 elementor-top-column elementor-element elementor-element-adbebc6\" data-id=\"adbebc6\" data-element_type=\"column\" data-e-type=\"column\">\n\t\t\t<div class=\"elementor-widget-wrap elementor-element-populated\">\n\t\t\t\t\t\t<div class=\"elementor-element elementor-element-12959916 elementor-widget__width-auto elementor-invisible elementor-widget elementor-widget-heading\" data-id=\"12959916\" data-element_type=\"widget\" data-e-type=\"widget\" data-settings=\"{&quot;_animation&quot;:&quot;fadeIn&quot;}\" data-widget_type=\"heading.default\">\n\t\t\t\t<div class=\"elementor-widget-container\">\n\t\t\t\t\t<h1 id=\"nous\" class=\"elementor-heading-title elementor-size-default\">Nous <\/h1>\t\t\t\t<\/div>\n\t\t\t\t<\/div>\n\t\t\t\t<div class=\"elementor-element elementor-element-17a5fbcb elementor-widget__width-auto elementor-invisible elementor-widget elementor-widget-heading\" data-id=\"17a5fbcb\" data-element_type=\"widget\" data-e-type=\"widget\" data-settings=\"{&quot;_animation&quot;:&quot;fadeIn&quot;}\" data-widget_type=\"heading.default\">\n\t\t\t\t<div class=\"elementor-widget-container\">\n\t\t\t\t\t<h1 id=\"rejoindre\" class=\"elementor-heading-title elementor-size-default\">rejoindre<\/h1>\t\t\t\t<\/div>\n\t\t\t\t<\/div>\n\t\t\t\t\t<\/div>\n\t\t<\/div>\n\t\t\t\t\t<\/div>\n\t\t<\/section>\n\t\t\t\t<section class=\"elementor-section elementor-top-section elementor-element elementor-element-1c29ed36 elementor-section-full_width elementor-section-height-default elementor-section-height-default\" data-id=\"1c29ed36\" data-element_type=\"section\" data-e-type=\"section\" data-settings=\"{&quot;background_background&quot;:&quot;classic&quot;}\">\n\t\t\t\t\t\t<div class=\"elementor-container elementor-column-gap-extended\">\n\t\t\t\t\t<div class=\"elementor-column elementor-col-100 elementor-top-column elementor-element elementor-element-3c0b859\" data-id=\"3c0b859\" data-element_type=\"column\" data-e-type=\"column\">\n\t\t\t<div class=\"elementor-widget-wrap elementor-element-populated\">\n\t\t\t\t\t\t<div class=\"elementor-element elementor-element-94f24eb elementor-widget elementor-widget-image\" data-id=\"94f24eb\" data-element_type=\"widget\" data-e-type=\"widget\" data-widget_type=\"image.default\">\n\t\t\t\t<div class=\"elementor-widget-container\">\n\t\t\t\t\t\t\t\t\t\t\t\t\t\t\t<img decoding=\"async\" src=\"https:\/\/www.viabrera.fr\/fr\/wp-content\/uploads\/elementor\/thumbs\/DSC8406-scaled-qy7u4y8jvfovcfs7b4m4905kra60jrxjm1mk9asgg0.jpg\" title=\"_DSC8406\" alt=\"_DSC8406\" loading=\"lazy\" \/>\t\t\t\t\t\t\t\t\t\t\t\t\t\t\t<\/div>\n\t\t\t\t<\/div>\n\t\t\t\t\t<\/div>\n\t\t<\/div>\n\t\t\t\t\t<\/div>\n\t\t<\/section>\n\t\t\t\t<section class=\"elementor-section elementor-top-section elementor-element elementor-element-ac6a801 elementor-section-boxed elementor-section-height-default elementor-section-height-default\" data-id=\"ac6a801\" data-element_type=\"section\" data-e-type=\"section\">\n\t\t\t\t\t\t<div class=\"elementor-container elementor-column-gap-default\">\n\t\t\t\t\t<div class=\"elementor-column elementor-col-100 elementor-top-column elementor-element elementor-element-2b34922\" data-id=\"2b34922\" data-element_type=\"column\" data-e-type=\"column\">\n\t\t\t<div class=\"elementor-widget-wrap elementor-element-populated\">\n\t\t\t\t\t\t<div class=\"elementor-element elementor-element-8f1571d elementor-widget elementor-widget-heading\" data-id=\"8f1571d\" data-element_type=\"widget\" data-e-type=\"widget\" data-widget_type=\"heading.default\">\n\t\t\t\t<div class=\"elementor-widget-container\">\n\t\t\t\t\t<h4 id=\"une-aventure-humaineriche-et-stimulante\" class=\"elementor-heading-title elementor-size-default\">UNE AVENTURE HUMAINE,<br>RICHE ET STIMULANTE<\/h4>\t\t\t\t<\/div>\n\t\t\t\t<\/div>\n\t\t\t\t\t<\/div>\n\t\t<\/div>\n\t\t\t\t\t<\/div>\n\t\t<\/section>\n\t\t\t\t<section class=\"elementor-section elementor-top-section elementor-element elementor-element-605f868 elementor-section-boxed elementor-section-height-default elementor-section-height-default\" data-id=\"605f868\" data-element_type=\"section\" data-e-type=\"section\">\n\t\t\t\t\t\t<div class=\"elementor-container elementor-column-gap-default\">\n\t\t\t\t\t<div class=\"elementor-column elementor-col-100 elementor-top-column elementor-element elementor-element-cd42cbf\" data-id=\"cd42cbf\" data-element_type=\"column\" data-e-type=\"column\">\n\t\t\t<div class=\"elementor-widget-wrap elementor-element-populated\">\n\t\t\t\t\t\t<div class=\"elementor-element elementor-element-1f3f28d elementor-widget elementor-widget-heading\" data-id=\"1f3f28d\" data-element_type=\"widget\" data-e-type=\"widget\" data-widget_type=\"heading.default\">\n\t\t\t\t<div class=\"elementor-widget-container\">\n\t\t\t\t\t<h2 id=\"decouvrez-nos-offres-demploi-a-montpellier-dans-lherault\" class=\"elementor-heading-title elementor-size-default\">D\u00e9couvrez nos Offres d'emploi \u00e0 Montpellier dans l'H\u00e9rault\n<\/h2>\t\t\t\t<\/div>\n\t\t\t\t<\/div>\n\t\t\t\t\t<\/div>\n\t\t<\/div>\n\t\t\t\t\t<\/div>\n\t\t<\/section>\n\t\t\t\t<section class=\"elementor-section elementor-top-section elementor-element elementor-element-471896d elementor-section-boxed elementor-section-height-default elementor-section-height-default\" data-id=\"471896d\" data-element_type=\"section\" data-e-type=\"section\">\n\t\t\t\t\t\t<div class=\"elementor-container elementor-column-gap-default\">\n\t\t\t\t\t<div class=\"elementor-column elementor-col-100 elementor-top-column elementor-element elementor-element-fef0794\" data-id=\"fef0794\" data-element_type=\"column\" data-e-type=\"column\">\n\t\t\t<div class=\"elementor-widget-wrap elementor-element-populated\">\n\t\t\t\t\t\t<div class=\"elementor-element elementor-element-c67ae55 elementor-widget elementor-widget-heading\" data-id=\"c67ae55\" data-element_type=\"widget\" data-e-type=\"widget\" data-widget_type=\"heading.default\">\n\t\t\t\t<div class=\"elementor-widget-container\">\n\t\t\t\t\t<h3 id=\"toutes-nos-offres-demplois-sont-pourvues-envoyez-nous-votre-candidature-spontanee-pour-deventuelles-opportunites-a-venir\" class=\"elementor-heading-title elementor-size-default\">Toutes nos offres d'emplois sont pourvues ! Envoyez-nous votre candidature spontan\u00e9e pour d'\u00e9ventuelles opportunit\u00e9s \u00e0 venir.<\/h3>\t\t\t\t<\/div>\n\t\t\t\t<\/div>\n\t\t\t\t\t<\/div>\n\t\t<\/div>\n\t\t\t\t\t<\/div>\n\t\t<\/section>\n\t\t\t\t<section class=\"elementor-section elementor-top-section elementor-element elementor-element-c507edb elementor-section-boxed elementor-section-height-default elementor-section-height-default\" data-id=\"c507edb\" data-element_type=\"section\" data-e-type=\"section\">\n\t\t\t\t\t\t<div class=\"elementor-container elementor-column-gap-default\">\n\t\t\t\t\t<div class=\"elementor-column elementor-col-100 elementor-top-column elementor-element elementor-element-489fb09\" data-id=\"489fb09\" data-element_type=\"column\" data-e-type=\"column\">\n\t\t\t<div class=\"elementor-widget-wrap elementor-element-populated\">\n\t\t\t\t\t\t<div class=\"elementor-element elementor-element-f979749 elementor-widget elementor-widget-heading\" data-id=\"f979749\" data-element_type=\"widget\" data-e-type=\"widget\" data-widget_type=\"heading.default\">\n\t\t\t\t<div class=\"elementor-widget-container\">\n\t\t\t\t\t<h4 id=\"candidature-spontanee-envoyez-cv-et-lettre-de-motivation-a-recrutementviabrera-fra-bientot\" class=\"elementor-heading-title elementor-size-default\">Candidature spontan\u00e9e :\n\nEnvoyez CV et Lettre de motivation \u00e0 recrutement@viabrera.fr\n\nA bient\u00f4t !<\/h4>\t\t\t\t<\/div>\n\t\t\t\t<\/div>\n\t\t\t\t\t<\/div>\n\t\t<\/div>\n\t\t\t\t\t<\/div>\n\t\t<\/section>\n\t\t\t\t<\/div>\n\t\t","protected":false},"excerpt":{"rendered":"\u2022 a propos \u2022 Nous rejoindre UNE AVENTURE HUMAINE, RICHE ET STIMULANTE D\u00e9couvrez nos Offres d&#8217;emploi \u00e0 Montpellier dans l&rsquo;H\u00e9rault Toutes nos offres d&#8217;emplois sont pourvues ! Envoyez-nous votre candidature&hellip;\n","protected":false},"author":3,"featured_media":0,"parent":0,"menu_order":0,"comment_status":"closed","ping_status":"closed","template":"elementor_header_footer","meta":{"footnotes":""},"class_list":["post-5499","page","type-page","status-publish"],"yoast_head":"<!-- This site is optimized with the Yoast SEO plugin v27.1.1 - https:\/\/yoast.com\/product\/yoast-seo-wordpress\/ -->\n<title>Nous rejoindre : nos offres d&#039;emplois \u00e0 Montpellier | Via Brera<\/title>\n<meta name=\"description\" content=\"D\u00e9couvrez nos offres d&#039;emplois ou envoyez nous votre candidature spontan\u00e9e, pour int\u00e9grer notre \u00e9quipe et vivre une aventure humaine !\" \/>\n<meta name=\"robots\" content=\"index, follow, max-snippet:-1, max-image-preview:large, max-video-preview:-1\" \/>\n<link rel=\"canonical\" href=\"https:\/\/www.viabrera.fr\/fr\/nous-rejoindre-nos-offres-d-emplois\/\" \/>\n<meta property=\"og:locale\" content=\"fr_FR\" \/>\n<meta property=\"og:type\" content=\"article\" \/>\n<meta property=\"og:title\" content=\"Nous rejoindre : nos offres d&#039;emplois \u00e0 Montpellier | Via Brera\" \/>\n<meta property=\"og:description\" content=\"D\u00e9couvrez nos offres d&#039;emplois ou envoyez nous votre candidature spontan\u00e9e, pour int\u00e9grer notre \u00e9quipe et vivre une aventure humaine !\" \/>\n<meta property=\"og:url\" content=\"https:\/\/www.viabrera.fr\/fr\/nous-rejoindre-nos-offres-d-emplois\/\" \/>\n<meta property=\"og:site_name\" content=\"Via Brera\" \/>\n<meta property=\"article:publisher\" content=\"https:\/\/www.facebook.com\/viabrera.montpellier\/\" \/>\n<meta property=\"article:modified_time\" content=\"2022-12-30T15:22:44+00:00\" \/>\n<meta property=\"og:image\" content=\"https:\/\/www.viabrera.fr\/fr\/wp-content\/uploads\/elementor\/thumbs\/DSC8406-scaled-pxcw1ojy8s6jjhs5ca7vg6imvn9k1nrdm5glitmg5c.jpg\" \/>\n<meta name=\"twitter:card\" content=\"summary_large_image\" \/>\n<meta name=\"twitter:label1\" content=\"Dur\u00e9e de lecture estim\u00e9e\" \/>\n\t<meta name=\"twitter:data1\" content=\"1 minute\" \/>\n<script type=\"application\/ld+json\" class=\"yoast-schema-graph\">{\"@context\":\"https:\/\/schema.org\",\"@graph\":[{\"@type\":\"WebPage\",\"@id\":\"https:\/\/www.viabrera.fr\/fr\/nous-rejoindre-nos-offres-d-emplois\/\",\"url\":\"https:\/\/www.viabrera.fr\/fr\/nous-rejoindre-nos-offres-d-emplois\/\",\"name\":\"Nous rejoindre : nos offres d'emplois \u00e0 Montpellier | Via Brera\",\"isPartOf\":{\"@id\":\"https:\/\/www.viabrera.fr\/fr\/#website\"},\"primaryImageOfPage\":{\"@id\":\"https:\/\/www.viabrera.fr\/fr\/nous-rejoindre-nos-offres-d-emplois\/#primaryimage\"},\"image\":{\"@id\":\"https:\/\/www.viabrera.fr\/fr\/nous-rejoindre-nos-offres-d-emplois\/#primaryimage\"},\"thumbnailUrl\":\"https:\/\/www.viabrera.fr\/fr\/wp-content\/uploads\/elementor\/thumbs\/DSC8406-scaled-pxcw1ojy8s6jjhs5ca7vg6imvn9k1nrdm5glitmg5c.jpg\",\"datePublished\":\"2022-12-26T16:40:45+00:00\",\"dateModified\":\"2022-12-30T15:22:44+00:00\",\"description\":\"D\u00e9couvrez nos offres d'emplois ou envoyez nous votre candidature spontan\u00e9e, pour int\u00e9grer notre \u00e9quipe et vivre une aventure humaine !\",\"breadcrumb\":{\"@id\":\"https:\/\/www.viabrera.fr\/fr\/nous-rejoindre-nos-offres-d-emplois\/#breadcrumb\"},\"inLanguage\":\"fr-FR\",\"potentialAction\":[{\"@type\":\"ReadAction\",\"target\":[\"https:\/\/www.viabrera.fr\/fr\/nous-rejoindre-nos-offres-d-emplois\/\"]}]},{\"@type\":\"ImageObject\",\"inLanguage\":\"fr-FR\",\"@id\":\"https:\/\/www.viabrera.fr\/fr\/nous-rejoindre-nos-offres-d-emplois\/#primaryimage\",\"url\":\"https:\/\/www.viabrera.fr\/fr\/wp-content\/uploads\/elementor\/thumbs\/DSC8406-scaled-pxcw1ojy8s6jjhs5ca7vg6imvn9k1nrdm5glitmg5c.jpg\",\"contentUrl\":\"https:\/\/www.viabrera.fr\/fr\/wp-content\/uploads\/elementor\/thumbs\/DSC8406-scaled-pxcw1ojy8s6jjhs5ca7vg6imvn9k1nrdm5glitmg5c.jpg\"},{\"@type\":\"BreadcrumbList\",\"@id\":\"https:\/\/www.viabrera.fr\/fr\/nous-rejoindre-nos-offres-d-emplois\/#breadcrumb\",\"itemListElement\":[{\"@type\":\"ListItem\",\"position\":1,\"name\":\"Accueil\",\"item\":\"https:\/\/www.viabrera.fr\/fr\/\"},{\"@type\":\"ListItem\",\"position\":2,\"name\":\"Nous rejoindre : nos offres d&#8217;emplois \u00e0 Montpellier\"}]},{\"@type\":\"WebSite\",\"@id\":\"https:\/\/www.viabrera.fr\/fr\/#website\",\"url\":\"https:\/\/www.viabrera.fr\/fr\/\",\"name\":\"Via Brera\",\"description\":\"\",\"publisher\":{\"@id\":\"https:\/\/www.viabrera.fr\/fr\/#organization\"},\"potentialAction\":[{\"@type\":\"SearchAction\",\"target\":{\"@type\":\"EntryPoint\",\"urlTemplate\":\"https:\/\/www.viabrera.fr\/fr\/?s={search_term_string}\"},\"query-input\":{\"@type\":\"PropertyValueSpecification\",\"valueRequired\":true,\"valueName\":\"search_term_string\"}}],\"inLanguage\":\"fr-FR\"},{\"@type\":\"Organization\",\"@id\":\"https:\/\/www.viabrera.fr\/fr\/#organization\",\"name\":\"Via Brera Montpellier\",\"url\":\"https:\/\/www.viabrera.fr\/fr\/\",\"logo\":{\"@type\":\"ImageObject\",\"inLanguage\":\"fr-FR\",\"@id\":\"https:\/\/www.viabrera.fr\/fr\/#\/schema\/logo\/image\/\",\"url\":\"https:\/\/www.viabrera.fr\/fr\/wp-content\/uploads\/2022\/09\/Logo-avec-base-line-noir.png\",\"contentUrl\":\"https:\/\/www.viabrera.fr\/fr\/wp-content\/uploads\/2022\/09\/Logo-avec-base-line-noir.png\",\"width\":914,\"height\":251,\"caption\":\"Via Brera Montpellier\"},\"image\":{\"@id\":\"https:\/\/www.viabrera.fr\/fr\/#\/schema\/logo\/image\/\"},\"sameAs\":[\"https:\/\/www.facebook.com\/viabrera.montpellier\/\",\"https:\/\/www.instagram.com\/viabrera.montpellier\/\"]}]}<\/script>\n<!-- \/ Yoast SEO plugin. -->","yoast_head_json":{"title":"Nous rejoindre : nos offres d'emplois \u00e0 Montpellier | Via Brera","description":"D\u00e9couvrez nos offres d'emplois ou envoyez nous votre candidature spontan\u00e9e, pour int\u00e9grer notre \u00e9quipe et vivre une aventure humaine !","robots":{"index":"index","follow":"follow","max-snippet":"max-snippet:-1","max-image-preview":"max-image-preview:large","max-video-preview":"max-video-preview:-1"},"canonical":"https:\/\/www.viabrera.fr\/fr\/nous-rejoindre-nos-offres-d-emplois\/","og_locale":"fr_FR","og_type":"article","og_title":"Nous rejoindre : nos offres d'emplois \u00e0 Montpellier | Via Brera","og_description":"D\u00e9couvrez nos offres d'emplois ou envoyez nous votre candidature spontan\u00e9e, pour int\u00e9grer notre \u00e9quipe et vivre une aventure humaine !","og_url":"https:\/\/www.viabrera.fr\/fr\/nous-rejoindre-nos-offres-d-emplois\/","og_site_name":"Via Brera","article_publisher":"https:\/\/www.facebook.com\/viabrera.montpellier\/","article_modified_time":"2022-12-30T15:22:44+00:00","og_image":[{"url":"https:\/\/www.viabrera.fr\/fr\/wp-content\/uploads\/elementor\/thumbs\/DSC8406-scaled-pxcw1ojy8s6jjhs5ca7vg6imvn9k1nrdm5glitmg5c.jpg","type":"","width":"","height":""}],"twitter_card":"summary_large_image","twitter_misc":{"Dur\u00e9e de lecture estim\u00e9e":"1 minute"},"schema":{"@context":"https:\/\/schema.org","@graph":[{"@type":"WebPage","@id":"https:\/\/www.viabrera.fr\/fr\/nous-rejoindre-nos-offres-d-emplois\/","url":"https:\/\/www.viabrera.fr\/fr\/nous-rejoindre-nos-offres-d-emplois\/","name":"Nous rejoindre : nos offres d'emplois \u00e0 Montpellier | Via Brera","isPartOf":{"@id":"https:\/\/www.viabrera.fr\/fr\/#website"},"primaryImageOfPage":{"@id":"https:\/\/www.viabrera.fr\/fr\/nous-rejoindre-nos-offres-d-emplois\/#primaryimage"},"image":{"@id":"https:\/\/www.viabrera.fr\/fr\/nous-rejoindre-nos-offres-d-emplois\/#primaryimage"},"thumbnailUrl":"https:\/\/www.viabrera.fr\/fr\/wp-content\/uploads\/elementor\/thumbs\/DSC8406-scaled-pxcw1ojy8s6jjhs5ca7vg6imvn9k1nrdm5glitmg5c.jpg","datePublished":"2022-12-26T16:40:45+00:00","dateModified":"2022-12-30T15:22:44+00:00","description":"D\u00e9couvrez nos offres d'emplois ou envoyez nous votre candidature spontan\u00e9e, pour int\u00e9grer notre \u00e9quipe et vivre une aventure humaine !","breadcrumb":{"@id":"https:\/\/www.viabrera.fr\/fr\/nous-rejoindre-nos-offres-d-emplois\/#breadcrumb"},"inLanguage":"fr-FR","potentialAction":[{"@type":"ReadAction","target":["https:\/\/www.viabrera.fr\/fr\/nous-rejoindre-nos-offres-d-emplois\/"]}]},{"@type":"ImageObject","inLanguage":"fr-FR","@id":"https:\/\/www.viabrera.fr\/fr\/nous-rejoindre-nos-offres-d-emplois\/#primaryimage","url":"https:\/\/www.viabrera.fr\/fr\/wp-content\/uploads\/elementor\/thumbs\/DSC8406-scaled-pxcw1ojy8s6jjhs5ca7vg6imvn9k1nrdm5glitmg5c.jpg","contentUrl":"https:\/\/www.viabrera.fr\/fr\/wp-content\/uploads\/elementor\/thumbs\/DSC8406-scaled-pxcw1ojy8s6jjhs5ca7vg6imvn9k1nrdm5glitmg5c.jpg"},{"@type":"BreadcrumbList","@id":"https:\/\/www.viabrera.fr\/fr\/nous-rejoindre-nos-offres-d-emplois\/#breadcrumb","itemListElement":[{"@type":"ListItem","position":1,"name":"Accueil","item":"https:\/\/www.viabrera.fr\/fr\/"},{"@type":"ListItem","position":2,"name":"Nous rejoindre : nos offres d&#8217;emplois \u00e0 Montpellier"}]},{"@type":"WebSite","@id":"https:\/\/www.viabrera.fr\/fr\/#website","url":"https:\/\/www.viabrera.fr\/fr\/","name":"Via Brera","description":"","publisher":{"@id":"https:\/\/www.viabrera.fr\/fr\/#organization"},"potentialAction":[{"@type":"SearchAction","target":{"@type":"EntryPoint","urlTemplate":"https:\/\/www.viabrera.fr\/fr\/?s={search_term_string}"},"query-input":{"@type":"PropertyValueSpecification","valueRequired":true,"valueName":"search_term_string"}}],"inLanguage":"fr-FR"},{"@type":"Organization","@id":"https:\/\/www.viabrera.fr\/fr\/#organization","name":"Via Brera Montpellier","url":"https:\/\/www.viabrera.fr\/fr\/","logo":{"@type":"ImageObject","inLanguage":"fr-FR","@id":"https:\/\/www.viabrera.fr\/fr\/#\/schema\/logo\/image\/","url":"https:\/\/www.viabrera.fr\/fr\/wp-content\/uploads\/2022\/09\/Logo-avec-base-line-noir.png","contentUrl":"https:\/\/www.viabrera.fr\/fr\/wp-content\/uploads\/2022\/09\/Logo-avec-base-line-noir.png","width":914,"height":251,"caption":"Via Brera Montpellier"},"image":{"@id":"https:\/\/www.viabrera.fr\/fr\/#\/schema\/logo\/image\/"},"sameAs":["https:\/\/www.facebook.com\/viabrera.montpellier\/","https:\/\/www.instagram.com\/viabrera.montpellier\/"]}]}},"_links":{"self":[{"href":"https:\/\/www.viabrera.fr\/fr\/wp-json\/wp\/v2\/pages\/5499","targetHints":{"allow":["GET"]}}],"collection":[{"href":"https:\/\/www.viabrera.fr\/fr\/wp-json\/wp\/v2\/pages"}],"about":[{"href":"https:\/\/www.viabrera.fr\/fr\/wp-json\/wp\/v2\/types\/page"}],"author":[{"embeddable":true,"href":"https:\/\/www.viabrera.fr\/fr\/wp-json\/wp\/v2\/users\/3"}],"replies":[{"embeddable":true,"href":"https:\/\/www.viabrera.fr\/fr\/wp-json\/wp\/v2\/comments?post=5499"}],"version-history":[{"count":15,"href":"https:\/\/www.viabrera.fr\/fr\/wp-json\/wp\/v2\/pages\/5499\/revisions"}],"predecessor-version":[{"id":5580,"href":"https:\/\/www.viabrera.fr\/fr\/wp-json\/wp\/v2\/pages\/5499\/revisions\/5580"}],"wp:attachment":[{"href":"https:\/\/www.viabrera.fr\/fr\/wp-json\/wp\/v2\/media?parent=5499"}],"curies":[{"name":"wp","href":"https:\/\/api.w.org\/{rel}","templated":true}]}}