{"id":5443,"date":"2022-12-26T11:29:30","date_gmt":"2022-12-26T10:29:30","guid":{"rendered":"https:\/\/www.viabrera.fr\/fr\/?page_id=5443"},"modified":"2023-03-03T16:48:42","modified_gmt":"2023-03-03T15:48:42","slug":"condition-d-utilisation-carte-cadeau","status":"publish","type":"page","link":"https:\/\/www.viabrera.fr\/fr\/condition-d-utilisation-carte-cadeau\/","title":{"rendered":"Conditions d&rsquo;utilisation Carte cadeau"},"content":{"rendered":"\t\t<div data-elementor-type=\"wp-page\" data-elementor-id=\"5443\" class=\"elementor elementor-5443\" data-elementor-post-type=\"page\">\n\t\t\t\t\t\t<section class=\"elementor-section elementor-top-section elementor-element elementor-element-27294ab5 elementor-section-height-min-height elementor-section-boxed elementor-section-height-default elementor-section-items-middle\" data-id=\"27294ab5\" data-element_type=\"section\" data-e-type=\"section\">\n\t\t\t\t\t\t<div class=\"elementor-container elementor-column-gap-no\">\n\t\t\t\t\t<div class=\"elementor-column elementor-col-100 elementor-top-column elementor-element elementor-element-3b1b9c11\" data-id=\"3b1b9c11\" data-element_type=\"column\" data-e-type=\"column\">\n\t\t\t<div class=\"elementor-widget-wrap elementor-element-populated\">\n\t\t\t\t\t\t<div class=\"elementor-element elementor-element-4915bb9 elementor-widget elementor-widget-spacer\" data-id=\"4915bb9\" data-element_type=\"widget\" data-e-type=\"widget\" data-widget_type=\"spacer.default\">\n\t\t\t\t<div class=\"elementor-widget-container\">\n\t\t\t\t\t\t\t<div class=\"elementor-spacer\">\n\t\t\t<div class=\"elementor-spacer-inner\"><\/div>\n\t\t<\/div>\n\t\t\t\t\t\t<\/div>\n\t\t\t\t<\/div>\n\t\t\t\t<div class=\"elementor-element elementor-element-4aea93b7 elementor-widget elementor-widget-heading\" data-id=\"4aea93b7\" data-element_type=\"widget\" data-e-type=\"widget\" data-widget_type=\"heading.default\">\n\t\t\t\t<div class=\"elementor-widget-container\">\n\t\t\t\t\t<p class=\"elementor-heading-title elementor-size-default\">\u2022 Services \u2022<\/p>\t\t\t\t<\/div>\n\t\t\t\t<\/div>\n\t\t\t\t\t<\/div>\n\t\t<\/div>\n\t\t\t\t\t<\/div>\n\t\t<\/section>\n\t\t\t\t<section class=\"elementor-section elementor-top-section elementor-element elementor-element-1bf76e79 elementor-section-full_width elementor-section-height-min-height elementor-section-height-default elementor-section-items-middle\" data-id=\"1bf76e79\" data-element_type=\"section\" data-e-type=\"section\" data-settings=\"{&quot;background_background&quot;:&quot;classic&quot;}\">\n\t\t\t\t\t\t<div class=\"elementor-container elementor-column-gap-no\">\n\t\t\t\t\t<div class=\"elementor-column elementor-col-100 elementor-top-column elementor-element elementor-element-adbebc6\" data-id=\"adbebc6\" data-element_type=\"column\" data-e-type=\"column\">\n\t\t\t<div class=\"elementor-widget-wrap elementor-element-populated\">\n\t\t\t\t\t\t<div class=\"elementor-element elementor-element-e819420 elementor-widget__width-auto elementor-widget-mobile__width-inherit elementor-invisible elementor-widget elementor-widget-heading\" data-id=\"e819420\" data-element_type=\"widget\" data-e-type=\"widget\" data-settings=\"{&quot;_animation&quot;:&quot;fadeIn&quot;}\" data-widget_type=\"heading.default\">\n\t\t\t\t<div class=\"elementor-widget-container\">\n\t\t\t\t\t<h1 id=\"conditions-dutilisation-carte-cadeau\" class=\"elementor-heading-title elementor-size-default\">Conditions d'utilisation :\n<b> Carte cadeau <\/b><\/h1>\t\t\t\t<\/div>\n\t\t\t\t<\/div>\n\t\t\t\t\t<\/div>\n\t\t<\/div>\n\t\t\t\t\t<\/div>\n\t\t<\/section>\n\t\t\t\t<section class=\"elementor-section elementor-top-section elementor-element elementor-element-1c29ed36 elementor-section-boxed elementor-section-height-default elementor-section-height-default\" data-id=\"1c29ed36\" data-element_type=\"section\" data-e-type=\"section\" data-settings=\"{&quot;background_background&quot;:&quot;classic&quot;}\">\n\t\t\t\t\t\t<div class=\"elementor-container elementor-column-gap-extended\">\n\t\t\t\t\t<div class=\"elementor-column elementor-col-100 elementor-top-column elementor-element elementor-element-542771de\" data-id=\"542771de\" data-element_type=\"column\" data-e-type=\"column\">\n\t\t\t<div class=\"elementor-widget-wrap elementor-element-populated\">\n\t\t\t\t\t\t<div class=\"elementor-element elementor-element-7c6454d1 elementor-widget elementor-widget-text-editor\" data-id=\"7c6454d1\" data-element_type=\"widget\" data-e-type=\"widget\" data-widget_type=\"text-editor.default\">\n\t\t\t\t<div class=\"elementor-widget-container\">\n\t\t\t\t\t\t\t\t\t<p class=\"_04xlpA direction-ltr align-start para-style-body\"><span style=\"font-size: 0.875rem;\">Utilisable en magasin.<\/span><\/p><p class=\"_04xlpA direction-ltr align-start para-style-body\"><span class=\"S1PPyQ\">Valable 1 an \u00e0 partir de sa date d\u2019achat.<\/span><\/p><p class=\"_04xlpA direction-ltr align-start para-style-body\"><span class=\"S1PPyQ\">En cas de d\u00e9passement de sa date, de validit\u00e9, la carte cadeau ne donnera lieu \u00e0 aucun remplacement ou remboursement.<\/span><\/p><p class=\"_04xlpA direction-ltr align-start para-style-body\"><span class=\"S1PPyQ\">Lors de son activation, le montant minimum cr\u00e9dit\u00e9 est de 30\u20ac.<\/span><\/p><p class=\"_04xlpA direction-ltr align-start para-style-body\"><span class=\"S1PPyQ\">Le solde de la carte peut \u00eatre directement consult\u00e9 en magasin.<\/span><\/p><p class=\"_04xlpA direction-ltr align-start para-style-body\"><span class=\"S1PPyQ\">Utilisable en une ou plusieurs fois dans la limite de sa valeur et de sa validit\u00e9, qui n\u2019est pas rechargeable et peut \u00eatre \u00e9ventuellement compl\u00e9t\u00e9e par tout autre moyen de paiement accept\u00e9 en magasin.<\/span><\/p><p class=\"_04xlpA direction-ltr align-start para-style-body\"><span class=\"S1PPyQ\">Ne peut faire l\u2019objet ni d\u2019un \u00e9change ni d\u2019un remboursement, ni d\u2019un rendu monnaie, pour quelque motif que ce soit.<\/span><\/p><p class=\"_04xlpA direction-ltr align-start para-style-body\"><span class=\"S1PPyQ\">Ne peut \u00eatre remplac\u00e9 en cas d\u2019expiration, de perte, de vol ou de d\u00e9t\u00e9rioration et ne pourra faire l\u2019objet d\u2019aucune opposition.<\/span><\/p><p class=\"_04xlpA direction-ltr align-start para-style-body\"><span class=\"S1PPyQ\">Elle devra \u00eatre pr\u00e9sent\u00e9e en caisse lors de son utilisation.<\/span><\/p><p class=\"_04xlpA direction-ltr align-start para-style-body\"><span class=\"S1PPyQ\">Ne peut faire l\u2019objet d\u2019un r\u00e8glement par ch\u00e8que.<\/span><\/p><p class=\"_04xlpA direction-ltr align-start para-style-body\"><span class=\"S1PPyQ\">Le b\u00e9n\u00e9ficiaire est le seul responsable de l\u2019utilisation de la carte cadeau.<\/span><\/p>\t\t\t\t\t\t\t\t<\/div>\n\t\t\t\t<\/div>\n\t\t\t\t\t<\/div>\n\t\t<\/div>\n\t\t\t\t\t<\/div>\n\t\t<\/section>\n\t\t\t\t<\/div>\n\t\t","protected":false},"excerpt":{"rendered":"\u2022 Services \u2022 Conditions d&rsquo;utilisation : Carte cadeau Utilisable en magasin. Valable 1 an \u00e0 partir de sa date d\u2019achat. En cas de d\u00e9passement de sa date, de validit\u00e9, la&hellip;\n","protected":false},"author":3,"featured_media":0,"parent":0,"menu_order":0,"comment_status":"closed","ping_status":"closed","template":"elementor_header_footer","meta":{"footnotes":""},"class_list":["post-5443","page","type-page","status-publish"],"yoast_head":"<!-- This site is optimized with the Yoast SEO plugin v27.1.1 - https:\/\/yoast.com\/product\/yoast-seo-wordpress\/ -->\n<title>Conditions d&#039;utilisation Carte cadeau | Via Brera<\/title>\n<meta name=\"description\" content=\"Nos conditions d&#039;utilisation de votre carte cadeau : utilisable uniquement dans notre design-store \u00e0 Montpellier\" \/>\n<meta name=\"robots\" content=\"index, follow, max-snippet:-1, max-image-preview:large, max-video-preview:-1\" \/>\n<link rel=\"canonical\" href=\"https:\/\/www.viabrera.fr\/fr\/condition-d-utilisation-carte-cadeau\/\" \/>\n<meta property=\"og:locale\" content=\"fr_FR\" \/>\n<meta property=\"og:type\" content=\"article\" \/>\n<meta property=\"og:title\" content=\"Conditions d&#039;utilisation Carte cadeau | Via Brera\" \/>\n<meta property=\"og:description\" content=\"Nos conditions d&#039;utilisation de votre carte cadeau : utilisable uniquement dans notre design-store \u00e0 Montpellier\" \/>\n<meta property=\"og:url\" content=\"https:\/\/www.viabrera.fr\/fr\/condition-d-utilisation-carte-cadeau\/\" \/>\n<meta property=\"og:site_name\" content=\"Via Brera\" \/>\n<meta property=\"article:publisher\" content=\"https:\/\/www.facebook.com\/viabrera.montpellier\/\" \/>\n<meta property=\"article:modified_time\" content=\"2023-03-03T15:48:42+00:00\" \/>\n<meta name=\"twitter:card\" content=\"summary_large_image\" \/>\n<meta name=\"twitter:label1\" content=\"Dur\u00e9e de lecture estim\u00e9e\" \/>\n\t<meta name=\"twitter:data1\" content=\"1 minute\" \/>\n<script type=\"application\/ld+json\" class=\"yoast-schema-graph\">{\"@context\":\"https:\/\/schema.org\",\"@graph\":[{\"@type\":\"WebPage\",\"@id\":\"https:\/\/www.viabrera.fr\/fr\/condition-d-utilisation-carte-cadeau\/\",\"url\":\"https:\/\/www.viabrera.fr\/fr\/condition-d-utilisation-carte-cadeau\/\",\"name\":\"Conditions d'utilisation Carte cadeau | Via Brera\",\"isPartOf\":{\"@id\":\"https:\/\/www.viabrera.fr\/fr\/#website\"},\"datePublished\":\"2022-12-26T10:29:30+00:00\",\"dateModified\":\"2023-03-03T15:48:42+00:00\",\"description\":\"Nos conditions d'utilisation de votre carte cadeau : utilisable uniquement dans notre design-store \u00e0 Montpellier\",\"breadcrumb\":{\"@id\":\"https:\/\/www.viabrera.fr\/fr\/condition-d-utilisation-carte-cadeau\/#breadcrumb\"},\"inLanguage\":\"fr-FR\",\"potentialAction\":[{\"@type\":\"ReadAction\",\"target\":[\"https:\/\/www.viabrera.fr\/fr\/condition-d-utilisation-carte-cadeau\/\"]}]},{\"@type\":\"BreadcrumbList\",\"@id\":\"https:\/\/www.viabrera.fr\/fr\/condition-d-utilisation-carte-cadeau\/#breadcrumb\",\"itemListElement\":[{\"@type\":\"ListItem\",\"position\":1,\"name\":\"Accueil\",\"item\":\"https:\/\/www.viabrera.fr\/fr\/\"},{\"@type\":\"ListItem\",\"position\":2,\"name\":\"Conditions d&#8217;utilisation Carte cadeau\"}]},{\"@type\":\"WebSite\",\"@id\":\"https:\/\/www.viabrera.fr\/fr\/#website\",\"url\":\"https:\/\/www.viabrera.fr\/fr\/\",\"name\":\"Via Brera\",\"description\":\"\",\"publisher\":{\"@id\":\"https:\/\/www.viabrera.fr\/fr\/#organization\"},\"potentialAction\":[{\"@type\":\"SearchAction\",\"target\":{\"@type\":\"EntryPoint\",\"urlTemplate\":\"https:\/\/www.viabrera.fr\/fr\/?s={search_term_string}\"},\"query-input\":{\"@type\":\"PropertyValueSpecification\",\"valueRequired\":true,\"valueName\":\"search_term_string\"}}],\"inLanguage\":\"fr-FR\"},{\"@type\":\"Organization\",\"@id\":\"https:\/\/www.viabrera.fr\/fr\/#organization\",\"name\":\"Via Brera Montpellier\",\"url\":\"https:\/\/www.viabrera.fr\/fr\/\",\"logo\":{\"@type\":\"ImageObject\",\"inLanguage\":\"fr-FR\",\"@id\":\"https:\/\/www.viabrera.fr\/fr\/#\/schema\/logo\/image\/\",\"url\":\"https:\/\/www.viabrera.fr\/fr\/wp-content\/uploads\/2022\/09\/Logo-avec-base-line-noir.png\",\"contentUrl\":\"https:\/\/www.viabrera.fr\/fr\/wp-content\/uploads\/2022\/09\/Logo-avec-base-line-noir.png\",\"width\":914,\"height\":251,\"caption\":\"Via Brera Montpellier\"},\"image\":{\"@id\":\"https:\/\/www.viabrera.fr\/fr\/#\/schema\/logo\/image\/\"},\"sameAs\":[\"https:\/\/www.facebook.com\/viabrera.montpellier\/\",\"https:\/\/www.instagram.com\/viabrera.montpellier\/\"]}]}<\/script>\n<!-- \/ Yoast SEO plugin. -->","yoast_head_json":{"title":"Conditions d'utilisation Carte cadeau | Via Brera","description":"Nos conditions d'utilisation de votre carte cadeau : utilisable uniquement dans notre design-store \u00e0 Montpellier","robots":{"index":"index","follow":"follow","max-snippet":"max-snippet:-1","max-image-preview":"max-image-preview:large","max-video-preview":"max-video-preview:-1"},"canonical":"https:\/\/www.viabrera.fr\/fr\/condition-d-utilisation-carte-cadeau\/","og_locale":"fr_FR","og_type":"article","og_title":"Conditions d'utilisation Carte cadeau | Via Brera","og_description":"Nos conditions d'utilisation de votre carte cadeau : utilisable uniquement dans notre design-store \u00e0 Montpellier","og_url":"https:\/\/www.viabrera.fr\/fr\/condition-d-utilisation-carte-cadeau\/","og_site_name":"Via Brera","article_publisher":"https:\/\/www.facebook.com\/viabrera.montpellier\/","article_modified_time":"2023-03-03T15:48:42+00:00","twitter_card":"summary_large_image","twitter_misc":{"Dur\u00e9e de lecture estim\u00e9e":"1 minute"},"schema":{"@context":"https:\/\/schema.org","@graph":[{"@type":"WebPage","@id":"https:\/\/www.viabrera.fr\/fr\/condition-d-utilisation-carte-cadeau\/","url":"https:\/\/www.viabrera.fr\/fr\/condition-d-utilisation-carte-cadeau\/","name":"Conditions d'utilisation Carte cadeau | Via Brera","isPartOf":{"@id":"https:\/\/www.viabrera.fr\/fr\/#website"},"datePublished":"2022-12-26T10:29:30+00:00","dateModified":"2023-03-03T15:48:42+00:00","description":"Nos conditions d'utilisation de votre carte cadeau : utilisable uniquement dans notre design-store \u00e0 Montpellier","breadcrumb":{"@id":"https:\/\/www.viabrera.fr\/fr\/condition-d-utilisation-carte-cadeau\/#breadcrumb"},"inLanguage":"fr-FR","potentialAction":[{"@type":"ReadAction","target":["https:\/\/www.viabrera.fr\/fr\/condition-d-utilisation-carte-cadeau\/"]}]},{"@type":"BreadcrumbList","@id":"https:\/\/www.viabrera.fr\/fr\/condition-d-utilisation-carte-cadeau\/#breadcrumb","itemListElement":[{"@type":"ListItem","position":1,"name":"Accueil","item":"https:\/\/www.viabrera.fr\/fr\/"},{"@type":"ListItem","position":2,"name":"Conditions d&#8217;utilisation Carte cadeau"}]},{"@type":"WebSite","@id":"https:\/\/www.viabrera.fr\/fr\/#website","url":"https:\/\/www.viabrera.fr\/fr\/","name":"Via Brera","description":"","publisher":{"@id":"https:\/\/www.viabrera.fr\/fr\/#organization"},"potentialAction":[{"@type":"SearchAction","target":{"@type":"EntryPoint","urlTemplate":"https:\/\/www.viabrera.fr\/fr\/?s={search_term_string}"},"query-input":{"@type":"PropertyValueSpecification","valueRequired":true,"valueName":"search_term_string"}}],"inLanguage":"fr-FR"},{"@type":"Organization","@id":"https:\/\/www.viabrera.fr\/fr\/#organization","name":"Via Brera Montpellier","url":"https:\/\/www.viabrera.fr\/fr\/","logo":{"@type":"ImageObject","inLanguage":"fr-FR","@id":"https:\/\/www.viabrera.fr\/fr\/#\/schema\/logo\/image\/","url":"https:\/\/www.viabrera.fr\/fr\/wp-content\/uploads\/2022\/09\/Logo-avec-base-line-noir.png","contentUrl":"https:\/\/www.viabrera.fr\/fr\/wp-content\/uploads\/2022\/09\/Logo-avec-base-line-noir.png","width":914,"height":251,"caption":"Via Brera Montpellier"},"image":{"@id":"https:\/\/www.viabrera.fr\/fr\/#\/schema\/logo\/image\/"},"sameAs":["https:\/\/www.facebook.com\/viabrera.montpellier\/","https:\/\/www.instagram.com\/viabrera.montpellier\/"]}]}},"_links":{"self":[{"href":"https:\/\/www.viabrera.fr\/fr\/wp-json\/wp\/v2\/pages\/5443","targetHints":{"allow":["GET"]}}],"collection":[{"href":"https:\/\/www.viabrera.fr\/fr\/wp-json\/wp\/v2\/pages"}],"about":[{"href":"https:\/\/www.viabrera.fr\/fr\/wp-json\/wp\/v2\/types\/page"}],"author":[{"embeddable":true,"href":"https:\/\/www.viabrera.fr\/fr\/wp-json\/wp\/v2\/users\/3"}],"replies":[{"embeddable":true,"href":"https:\/\/www.viabrera.fr\/fr\/wp-json\/wp\/v2\/comments?post=5443"}],"version-history":[{"count":22,"href":"https:\/\/www.viabrera.fr\/fr\/wp-json\/wp\/v2\/pages\/5443\/revisions"}],"predecessor-version":[{"id":11801,"href":"https:\/\/www.viabrera.fr\/fr\/wp-json\/wp\/v2\/pages\/5443\/revisions\/11801"}],"wp:attachment":[{"href":"https:\/\/www.viabrera.fr\/fr\/wp-json\/wp\/v2\/media?parent=5443"}],"curies":[{"name":"wp","href":"https:\/\/api.w.org\/{rel}","templated":true}]}}